{"id":9,"date":"2025-12-10T09:58:11","date_gmt":"2025-12-10T09:58:11","guid":{"rendered":"https:\/\/podium-test.79-137-88-67.plesk.page\/?page_id=9"},"modified":"2025-12-22T11:24:25","modified_gmt":"2025-12-22T11:24:25","slug":"expertise-en-communication-a-lyon","status":"publish","type":"page","link":"https:\/\/podium-test.79-137-88-67.plesk.page\/","title":{"rendered":"Expertise en communication \u00e0 Lyon"},"content":{"rendered":"\t\t<div data-elementor-type=\"wp-page\" data-elementor-id=\"9\" class=\"elementor elementor-9\" data-elementor-post-type=\"page\">\n\t\t\t\t<div class=\"elementor-element elementor-element-e795e6a e-flex e-con-boxed e-con e-parent\" data-id=\"e795e6a\" data-element_type=\"container\">\n\t\t\t\t\t<div class=\"e-con-inner\">\n\t\t\t\t<div class=\"elementor-element elementor-element-6c6a641 elementor-widget elementor-widget-heading\" data-id=\"6c6a641\" data-element_type=\"widget\" data-widget_type=\"heading.default\">\n\t\t\t\t\t<h2 class=\"elementor-heading-title elementor-size-default\">Podium Communication \u2013 Votre agence de communication \u00e0 Lyon<\/h2>\t\t\t\t<\/div>\n\t\t\t\t<div class=\"elementor-element elementor-element-4040948 elementor-widget elementor-widget-text-editor\" data-id=\"4040948\" data-element_type=\"widget\" data-widget_type=\"text-editor.default\">\n\t\t\t\t\t\t\t\t\t<p data-start=\"254\" data-end=\"572\">Bienvenue sur le site de <strong data-start=\"279\" data-end=\"303\">Podium Communication<\/strong>, votre <strong data-start=\"311\" data-end=\"345\">agence de communication \u00e0 Lyon<\/strong> sp\u00e9cialis\u00e9e dans l\u2019accompagnement des entreprises locales et nationales. Notre mission : vous aider \u00e0 gagner en visibilit\u00e9, construire une image de marque forte et d\u00e9velopper une communication r\u00e9ellement humaine et impactante.<\/p><p data-start=\"574\" data-end=\"844\">Implant\u00e9e au c\u0153ur de Lyon, Podium Communication propose un <strong data-start=\"633\" data-end=\"660\">large panel de services<\/strong> pour r\u00e9pondre aux besoins des organisations de toutes tailles. Notre \u00e9quipe met son expertise au service de votre projet avec une approche cr\u00e9ative, strat\u00e9gique et orient\u00e9e r\u00e9sultats.<\/p><p data-start=\"846\" data-end=\"1717\">Nous accompagnons nos clients \u00e0 travers plusieurs p\u00f4les de comp\u00e9tences :<br data-start=\"918\" data-end=\"921\" \/>\u2013 <strong data-start=\"923\" data-end=\"949\">Communication digitale<\/strong> : cr\u00e9ation de sites internet, optimisation SEO, gestion des r\u00e9seaux sociaux, r\u00e9daction web, campagnes d\u2019e-mailing et strat\u00e9gie de contenu.<br data-start=\"1088\" data-end=\"1091\" \/>\u2013 <strong data-start=\"1093\" data-end=\"1124\">Identit\u00e9 visuelle et design<\/strong> : cr\u00e9ation de logos, chartes graphiques, supports imprim\u00e9s, visuels publicitaires et maquettes UX\/UI.<br data-start=\"1226\" data-end=\"1229\" \/>\u2013 <strong data-start=\"1231\" data-end=\"1254\" data-is-only-node=\"\">Strat\u00e9gie de marque<\/strong> : positionnement, storytelling, audit de communication, conseil \u00e9ditorial et accompagnement complet pour d\u00e9finir l\u2019ADN de votre marque.<br data-start=\"1390\" data-end=\"1393\" \/>\u2013 <strong data-start=\"1395\" data-end=\"1423\">Production audiovisuelle<\/strong> : vid\u00e9os corporate, interviews, motion design, reportages \u00e9v\u00e9nementiels et capsules pour r\u00e9seaux sociaux.<br data-start=\"1529\" data-end=\"1532\" \/>\u2013 <strong data-start=\"1534\" data-end=\"1588\">Relations presse et communication institutionnelle<\/strong> : r\u00e9daction de communiqu\u00e9s, gestion des m\u00e9dias, coordination \u00e9v\u00e9nementielle et accompagnement pour les collectivit\u00e9s lyonnaises.<\/p><p data-start=\"1719\" data-end=\"2082\">Chez Podium Communication, nous pla\u00e7ons l\u2019humain au c\u0153ur de notre d\u00e9marche. Chaque projet est construit en collaboration avec nos clients pour garantir une communication authentique, coh\u00e9rente et adapt\u00e9e \u00e0 vos objectifs. Gr\u00e2ce \u00e0 notre expertise locale, nous comprenons les enjeux du march\u00e9 lyonnais et savons comment positionner votre marque pour vous distinguer.<\/p><p data-start=\"2084\" data-end=\"2287\" data-is-last-node=\"\" data-is-only-node=\"\">Faites confiance \u00e0 <strong data-start=\"2103\" data-end=\"2127\">Podium Communication<\/strong>, votre partenaire de communication \u00e0 Lyon, pour propulser votre image au sommet. Contactez-nous pour donner vie \u00e0 vos projets et entrer ensemble sur le podium.<\/p>\t\t\t\t\t\t\t\t<\/div>\n\t\t\t\t\t<\/div>\n\t\t\t\t<\/div>\n\t\t\t\t<\/div>\n\t\t","protected":false},"excerpt":{"rendered":"<p>Podium Communication \u2013 Votre agence de communication \u00e0 Lyon Bienvenue sur le site de Podium Communication, votre agence de communication \u00e0 Lyon sp\u00e9cialis\u00e9e dans l\u2019accompagnement des entreprises locales et nationales. Notre mission : vous aider \u00e0 gagner en visibilit\u00e9, construire une image de marque forte et d\u00e9velopper une communication r\u00e9ellement humaine et impactante. Implant\u00e9e au [&hellip;]<\/p>\n","protected":false},"author":1,"featured_media":0,"parent":0,"menu_order":0,"comment_status":"closed","ping_status":"closed","template":"","meta":{"_acf_changed":false,"inline_featured_image":false,"footnotes":""},"class_list":["post-9","page","type-page","status-publish","hentry"],"acf":[],"yoast_head":"<!-- This site is optimized with the Yoast SEO plugin v26.5 - https:\/\/yoast.com\/wordpress\/plugins\/seo\/ -->\n<title>Expertise en communication \u00e0 Lyon - Podium Test<\/title>\n<meta name=\"description\" content=\"Podium Communication, agence \u00e0 Lyon, booste votre visibilit\u00e9 avec des strat\u00e9gies digitales, identit\u00e9 visuelle et production audiovisuelle sur mesure.\" \/>\n<meta name=\"robots\" content=\"noindex, follow, max-snippet:-1, max-image-preview:large, max-video-preview:-1\" \/>\n<meta property=\"og:locale\" content=\"fr_FR\" \/>\n<meta property=\"og:type\" content=\"article\" \/>\n<meta property=\"og:title\" content=\"Expertise en communication \u00e0 Lyon - Podium Test\" \/>\n<meta property=\"og:description\" content=\"Podium Communication, agence \u00e0 Lyon, booste votre visibilit\u00e9 avec des strat\u00e9gies digitales, identit\u00e9 visuelle et production audiovisuelle sur mesure.\" \/>\n<meta property=\"og:url\" content=\"https:\/\/podium-test.79-137-88-67.plesk.page\/\" \/>\n<meta property=\"og:site_name\" content=\"Podium Test\" \/>\n<meta property=\"article:modified_time\" content=\"2025-12-22T11:24:25+00:00\" \/>\n<meta name=\"twitter:card\" content=\"summary_large_image\" \/>\n<meta name=\"twitter:label1\" content=\"Dur\u00e9e de lecture estim\u00e9e\" \/>\n\t<meta name=\"twitter:data1\" content=\"2 minutes\" \/>\n<script type=\"application\/ld+json\" class=\"yoast-schema-graph\">{\"@context\":\"https:\/\/schema.org\",\"@graph\":[{\"@type\":\"WebPage\",\"@id\":\"https:\/\/podium-test.79-137-88-67.plesk.page\/\",\"url\":\"https:\/\/podium-test.79-137-88-67.plesk.page\/\",\"name\":\"Expertise en communication \u00e0 Lyon - Podium Test\",\"isPartOf\":{\"@id\":\"https:\/\/podium-test.79-137-88-67.plesk.page\/#website\"},\"datePublished\":\"2025-12-10T09:58:11+00:00\",\"dateModified\":\"2025-12-22T11:24:25+00:00\",\"description\":\"Podium Communication, agence \u00e0 Lyon, booste votre visibilit\u00e9 avec des strat\u00e9gies digitales, identit\u00e9 visuelle et production audiovisuelle sur mesure.\",\"breadcrumb\":{\"@id\":\"https:\/\/podium-test.79-137-88-67.plesk.page\/#breadcrumb\"},\"inLanguage\":\"fr-FR\",\"potentialAction\":[{\"@type\":\"ReadAction\",\"target\":[\"https:\/\/podium-test.79-137-88-67.plesk.page\/\"]}]},{\"@type\":\"BreadcrumbList\",\"@id\":\"https:\/\/podium-test.79-137-88-67.plesk.page\/#breadcrumb\",\"itemListElement\":[{\"@type\":\"ListItem\",\"position\":1,\"name\":\"Accueil\",\"item\":\"https:\/\/podium-test.79-137-88-67.plesk.page\/\"},{\"@type\":\"ListItem\",\"position\":2,\"name\":\"Expertise en communication \u00e0 Lyon\"}]},{\"@type\":\"WebSite\",\"@id\":\"https:\/\/podium-test.79-137-88-67.plesk.page\/#website\",\"url\":\"https:\/\/podium-test.79-137-88-67.plesk.page\/\",\"name\":\"Podium Test\",\"description\":\"\",\"potentialAction\":[{\"@type\":\"SearchAction\",\"target\":{\"@type\":\"EntryPoint\",\"urlTemplate\":\"https:\/\/podium-test.79-137-88-67.plesk.page\/?s={search_term_string}\"},\"query-input\":{\"@type\":\"PropertyValueSpecification\",\"valueRequired\":true,\"valueName\":\"search_term_string\"}}],\"inLanguage\":\"fr-FR\"}]}<\/script>\n<!-- \/ Yoast SEO plugin. -->","yoast_head_json":{"title":"Expertise en communication \u00e0 Lyon - Podium Test","description":"Podium Communication, agence \u00e0 Lyon, booste votre visibilit\u00e9 avec des strat\u00e9gies digitales, identit\u00e9 visuelle et production audiovisuelle sur mesure.","robots":{"index":"noindex","follow":"follow","max-snippet":"max-snippet:-1","max-image-preview":"max-image-preview:large","max-video-preview":"max-video-preview:-1"},"og_locale":"fr_FR","og_type":"article","og_title":"Expertise en communication \u00e0 Lyon - Podium Test","og_description":"Podium Communication, agence \u00e0 Lyon, booste votre visibilit\u00e9 avec des strat\u00e9gies digitales, identit\u00e9 visuelle et production audiovisuelle sur mesure.","og_url":"https:\/\/podium-test.79-137-88-67.plesk.page\/","og_site_name":"Podium Test","article_modified_time":"2025-12-22T11:24:25+00:00","twitter_card":"summary_large_image","twitter_misc":{"Dur\u00e9e de lecture estim\u00e9e":"2 minutes"},"schema":{"@context":"https:\/\/schema.org","@graph":[{"@type":"WebPage","@id":"https:\/\/podium-test.79-137-88-67.plesk.page\/","url":"https:\/\/podium-test.79-137-88-67.plesk.page\/","name":"Expertise en communication \u00e0 Lyon - Podium Test","isPartOf":{"@id":"https:\/\/podium-test.79-137-88-67.plesk.page\/#website"},"datePublished":"2025-12-10T09:58:11+00:00","dateModified":"2025-12-22T11:24:25+00:00","description":"Podium Communication, agence \u00e0 Lyon, booste votre visibilit\u00e9 avec des strat\u00e9gies digitales, identit\u00e9 visuelle et production audiovisuelle sur mesure.","breadcrumb":{"@id":"https:\/\/podium-test.79-137-88-67.plesk.page\/#breadcrumb"},"inLanguage":"fr-FR","potentialAction":[{"@type":"ReadAction","target":["https:\/\/podium-test.79-137-88-67.plesk.page\/"]}]},{"@type":"BreadcrumbList","@id":"https:\/\/podium-test.79-137-88-67.plesk.page\/#breadcrumb","itemListElement":[{"@type":"ListItem","position":1,"name":"Accueil","item":"https:\/\/podium-test.79-137-88-67.plesk.page\/"},{"@type":"ListItem","position":2,"name":"Expertise en communication \u00e0 Lyon"}]},{"@type":"WebSite","@id":"https:\/\/podium-test.79-137-88-67.plesk.page\/#website","url":"https:\/\/podium-test.79-137-88-67.plesk.page\/","name":"Podium Test","description":"","potentialAction":[{"@type":"SearchAction","target":{"@type":"EntryPoint","urlTemplate":"https:\/\/podium-test.79-137-88-67.plesk.page\/?s={search_term_string}"},"query-input":{"@type":"PropertyValueSpecification","valueRequired":true,"valueName":"search_term_string"}}],"inLanguage":"fr-FR"}]}},"_links":{"self":[{"href":"https:\/\/podium-test.79-137-88-67.plesk.page\/index.php\/wp-json\/wp\/v2\/pages\/9","targetHints":{"allow":["GET"]}}],"collection":[{"href":"https:\/\/podium-test.79-137-88-67.plesk.page\/index.php\/wp-json\/wp\/v2\/pages"}],"about":[{"href":"https:\/\/podium-test.79-137-88-67.plesk.page\/index.php\/wp-json\/wp\/v2\/types\/page"}],"author":[{"embeddable":true,"href":"https:\/\/podium-test.79-137-88-67.plesk.page\/index.php\/wp-json\/wp\/v2\/users\/1"}],"replies":[{"embeddable":true,"href":"https:\/\/podium-test.79-137-88-67.plesk.page\/index.php\/wp-json\/wp\/v2\/comments?post=9"}],"version-history":[{"count":11,"href":"https:\/\/podium-test.79-137-88-67.plesk.page\/index.php\/wp-json\/wp\/v2\/pages\/9\/revisions"}],"predecessor-version":[{"id":42,"href":"https:\/\/podium-test.79-137-88-67.plesk.page\/index.php\/wp-json\/wp\/v2\/pages\/9\/revisions\/42"}],"wp:attachment":[{"href":"https:\/\/podium-test.79-137-88-67.plesk.page\/index.php\/wp-json\/wp\/v2\/media?parent=9"}],"curies":[{"name":"wp","href":"https:\/\/api.w.org\/{rel}","templated":true}]}}